{"id":9544,"date":"2023-10-03T14:18:34","date_gmt":"2023-10-03T14:18:34","guid":{"rendered":"https:\/\/nvas.sk\/?page_id=9544"},"modified":"2026-04-17T09:18:05","modified_gmt":"2026-04-17T09:18:05","slug":"profily-clenov","status":"publish","type":"page","link":"https:\/\/nvas.sk\/en\/profily-clenov\/","title":{"rendered":"Profily \u010dlenov NVAS"},"content":{"rendered":"<div id=\"myBtnContainer\">\n  <input type=\"text\" id=\"searchInput\" placeholder=\"Vyh\u013eada\u0165...\" onkeyup=\"handleSearch()\">\n  <select id=\"categoryDropdown\" onchange=\"handleCategoryChange()\">\n    <option value=\"all\">Kateg\u00f3ria odvetvia<\/option>\n<option value=\"certifikacia\">Certifik\u00e1cia<\/option>    \n<option value=\"cerpacie_stanice\">\u010cerpacie stanice<\/option>\n    <option value=\"financovanie\">Financovanie<\/option>\n    <option value=\"inspekcia\">In\u0161pekcia<\/option>\n        <option value=\"kontrolna_a_revizna_cinnost\">Kontroln\u00e1 a rev\u00edzna \u010dinnos\u0165<\/option>\n    <option value=\"preprava_distribucia_skladovanie\">Preprava, distrib\u00facia a skladovanie vod\u00edka<\/option>\n     <option value=\"vodikove_udolia\">Vod\u00edkov\u00e9 \u00fadolia<\/option> \n<option value=\"vyroba_tepla_elektrickej_energie\">Vyu\u017e\u00edvanie vod\u00edka na v\u00fdrobu tepla alebo elektrickej energie<\/option>\n<option value=\"vyuzivanie_vodika_v_doprave\">Vyu\u017e\u00edvanie vod\u00edka v doprave<\/option>\n    <option value=\"vyuzivanie_vodika_v_priemysle\">Vyu\u017e\u00edvanie vod\u00edka v priemysle<\/option>\n    <option value=\"vyroba_materialov_komponentov_zariadeni\">V\u00fdroba materi\u00e1lov, komponentov a zariaden\u00ed pre vod\u00edkov\u00e9 technol\u00f3gie<\/option>\n    <option value=\"vyroba_vodika\">V\u00fdroba vod\u00edka<\/option>\n    <option value=\"vyskum_a_vyvoj\">V\u00fdskum a v\u00fdvoj<\/option>\n    <option value=\"vzdelavanie_a_poradenstvo\">Vzdel\u00e1vanie a poradenstvo<\/option>\n<option value=\"ostatne\">Ostatn\u00e9 vyu\u017eitie vod\u00edka<\/option>\n  <\/select>\n<\/div>\n<div class=\"container\"><\/div>","protected":false},"excerpt":{"rendered":"<p>Kateg\u00f3ria odvetviaCertifik\u00e1cia\u010cerpacie staniceFinancovanieIn\u0161pekciaKontroln\u00e1 a rev\u00edzna \u010dinnos\u0165Preprava, distrib\u00facia a skladovanie vod\u00edkaVod\u00edkov\u00e9 \u00fadoliaVyu\u017e\u00edvanie vod\u00edka na v\u00fdrobu tepla alebo elektrickej energieVyu\u017e\u00edvanie vod\u00edka v<span class=\"excerpt-hellip\"> [\u2026]<\/span><\/p>\n","protected":false},"author":1,"featured_media":0,"parent":0,"menu_order":0,"comment_status":"closed","ping_status":"closed","template":"","meta":{"_EventAllDay":false,"_EventTimezone":"","_EventStartDate":"","_EventEndDate":"","_EventStartDateUTC":"","_EventEndDateUTC":"","_EventShowMap":false,"_EventShowMapLink":false,"_EventURL":"","_EventCost":"","_EventCostDescription":"","_EventCurrencySymbol":"","_EventCurrencyCode":"","_EventCurrencyPosition":"","_EventDateTimeSeparator":"","_EventTimeRangeSeparator":"","_EventOrganizerID":[],"_EventVenueID":[],"_OrganizerEmail":"","_OrganizerPhone":"","_OrganizerWebsite":"","_VenueAddress":"","_VenueCity":"","_VenueCountry":"","_VenueProvince":"","_VenueState":"","_VenueZip":"","_VenuePhone":"","_VenueURL":"","_VenueStateProvince":"","_VenueLat":"","_VenueLng":"","_VenueShowMap":false,"_VenueShowMapLink":false,"footnotes":""},"wf_page_folders":[],"class_list":["post-9544","page","type-page","status-publish","hentry"],"_links":{"self":[{"href":"https:\/\/nvas.sk\/en\/wp-json\/wp\/v2\/pages\/9544","targetHints":{"allow":["GET"]}}],"collection":[{"href":"https:\/\/nvas.sk\/en\/wp-json\/wp\/v2\/pages"}],"about":[{"href":"https:\/\/nvas.sk\/en\/wp-json\/wp\/v2\/types\/page"}],"author":[{"embeddable":true,"href":"https:\/\/nvas.sk\/en\/wp-json\/wp\/v2\/users\/1"}],"replies":[{"embeddable":true,"href":"https:\/\/nvas.sk\/en\/wp-json\/wp\/v2\/comments?post=9544"}],"version-history":[{"count":6,"href":"https:\/\/nvas.sk\/en\/wp-json\/wp\/v2\/pages\/9544\/revisions"}],"predecessor-version":[{"id":10756,"href":"https:\/\/nvas.sk\/en\/wp-json\/wp\/v2\/pages\/9544\/revisions\/10756"}],"wp:attachment":[{"href":"https:\/\/nvas.sk\/en\/wp-json\/wp\/v2\/media?parent=9544"}],"wp:term":[{"taxonomy":"wf_page_folders","embeddable":true,"href":"https:\/\/nvas.sk\/en\/wp-json\/wp\/v2\/wf_page_folders?post=9544"}],"curies":[{"name":"wp","href":"https:\/\/api.w.org\/{rel}","templated":true}]}}